{"id":990348,"date":"2025-03-23T21:04:47","date_gmt":"2025-03-23T20:04:47","guid":{"rendered":"https:\/\/yoakegallery.com\/tagtales-journal\/"},"modified":"2025-04-13T19:32:32","modified_gmt":"2025-04-13T17:32:32","slug":"tagtales-journal","status":"publish","type":"page","link":"https:\/\/yoakegallery.com\/it\/tagtales-journal\/","title":{"rendered":"Yoake Journal"},"content":{"rendered":"\t\t<div data-elementor-type=\"wp-page\" data-elementor-id=\"990348\" class=\"elementor elementor-990348 elementor-990340\" data-elementor-post-type=\"page\">\n\t\t\t\t<div class=\"elementor-element elementor-element-6ac0dc74 e-flex e-con-boxed e-con e-parent\" data-id=\"6ac0dc74\" data-element_type=\"container\" data-settings=\"{&quot;background_background&quot;:&quot;classic&quot;}\">\n\t\t\t\t\t<div class=\"e-con-inner\">\n\t\t\t\t<div class=\"elementor-element elementor-element-28d8eceb elementor-widget elementor-widget-heading\" data-id=\"28d8eceb\" data-element_type=\"widget\" data-widget_type=\"heading.default\">\n\t\t\t\t<div class=\"elementor-widget-container\">\n\t\t\t\t\t<h1 class=\"elementor-heading-title elementor-size-default\">JOAKE Journal<\/h1>\t\t\t\t<\/div>\n\t\t\t\t<\/div>\n\t\t\t\t<div class=\"elementor-element elementor-element-d3a64c3 elementor-widget elementor-widget-text-editor\" data-id=\"d3a64c3\" data-element_type=\"widget\" data-widget_type=\"text-editor.default\">\n\t\t\t\t<div class=\"elementor-widget-container\">\n\t\t\t\t\t\t\t\t\t<p>JAPANESE VISIONS<\/p>\n\t\t\t\t\t\t\t\t<\/div>\n\t\t\t\t<\/div>\n\t\t\t\t\t<\/div>\n\t\t\t\t<\/div>\n\t\t<div class=\"elementor-element elementor-element-56f3a89a e-con-full e-flex e-con e-parent\" data-id=\"56f3a89a\" data-element_type=\"container\">\n\t\t\t\t<div class=\"elementor-element elementor-element-4998ae3e elementor-grid-laptop-2 elementor-grid-widescreen-2 elementor-grid-tablet-1 elementor-grid-3 elementor-grid-mobile-1 elementor-posts--thumbnail-top load-more-align-center elementor-widget elementor-widget-posts\" data-id=\"4998ae3e\" data-element_type=\"widget\" data-settings=\"{&quot;classic_row_gap_mobile&quot;:{&quot;unit&quot;:&quot;px&quot;,&quot;size&quot;:20,&quot;sizes&quot;:[]},&quot;pagination_type&quot;:&quot;load_more_on_click&quot;,&quot;classic_columns_laptop&quot;:&quot;2&quot;,&quot;classic_columns_widescreen&quot;:&quot;2&quot;,&quot;classic_columns_tablet&quot;:&quot;1&quot;,&quot;classic_row_gap&quot;:{&quot;unit&quot;:&quot;px&quot;,&quot;size&quot;:20,&quot;sizes&quot;:[]},&quot;_animation_mobile&quot;:&quot;none&quot;,&quot;classic_columns&quot;:&quot;3&quot;,&quot;classic_columns_mobile&quot;:&quot;1&quot;,&quot;classic_row_gap_widescreen&quot;:{&quot;unit&quot;:&quot;px&quot;,&quot;size&quot;:&quot;&quot;,&quot;sizes&quot;:[]},&quot;classic_row_gap_laptop&quot;:{&quot;unit&quot;:&quot;px&quot;,&quot;size&quot;:&quot;&quot;,&quot;sizes&quot;:[]},&quot;classic_row_gap_tablet_extra&quot;:{&quot;unit&quot;:&quot;px&quot;,&quot;size&quot;:&quot;&quot;,&quot;sizes&quot;:[]},&quot;classic_row_gap_tablet&quot;:{&quot;unit&quot;:&quot;px&quot;,&quot;size&quot;:&quot;&quot;,&quot;sizes&quot;:[]},&quot;classic_row_gap_mobile_extra&quot;:{&quot;unit&quot;:&quot;px&quot;,&quot;size&quot;:&quot;&quot;,&quot;sizes&quot;:[]},&quot;load_more_spinner&quot;:{&quot;value&quot;:&quot;fas fa-spinner&quot;,&quot;library&quot;:&quot;fa-solid&quot;}}\" data-widget_type=\"posts.classic\">\n\t\t\t\t<div class=\"elementor-widget-container\">\n\t\t\t\t\t\t\t<div class=\"elementor-posts-container elementor-posts elementor-posts--skin-classic elementor-grid\" role=\"list\">\n\t\t\t\t<article class=\"elementor-post elementor-grid-item post-990294 post type-post status-publish format-standard has-post-thumbnail hentry category-journal\" role=\"listitem\">\n\t\t\t\t<a class=\"elementor-post__thumbnail__link\" href=\"https:\/\/yoakegallery.com\/it\/masito-chi-sono-lho-scritto-con-largento-sopra-un-treno\/\" tabindex=\"-1\" >\n\t\t\t<div class=\"elementor-post__thumbnail\"><img fetchpriority=\"high\" decoding=\"async\" width=\"768\" height=\"237\" src=\"https:\/\/yoakegallery.com\/wp-content\/uploads\/2025\/03\/Yoake-21-768x237.jpg\" class=\"attachment-medium_large size-medium_large wp-image-991956\" alt=\"\" title=\"\" srcset=\"https:\/\/yoakegallery.com\/wp-content\/uploads\/2025\/03\/Yoake-21-768x237.jpg 768w, https:\/\/yoakegallery.com\/wp-content\/uploads\/2025\/03\/Yoake-21-300x93.jpg 300w, https:\/\/yoakegallery.com\/wp-content\/uploads\/2025\/03\/Yoake-21-1024x317.jpg 1024w, https:\/\/yoakegallery.com\/wp-content\/uploads\/2025\/03\/Yoake-21-1536x475.jpg 1536w, https:\/\/yoakegallery.com\/wp-content\/uploads\/2025\/03\/Yoake-21-2048x633.jpg 2048w\" sizes=\"(max-width: 768px) 100vw, 768px\" \/><\/div>\n\t\t<\/a>\n\t\t\t\t<div class=\"elementor-post__text\">\n\t\t\t\t<h3 class=\"elementor-post__title\">\n\t\t\t<a href=\"https:\/\/yoakegallery.com\/it\/masito-chi-sono-lho-scritto-con-largento-sopra-un-treno\/\" >\n\t\t\t\tShodo: L&#8217;Anima del Giappone Tracciata nell&#8217;Inchiostro\t\t\t<\/a>\n\t\t<\/h3>\n\t\t\t\t<div class=\"elementor-post__excerpt\">\n\t\t\t<p>Shodo, la Via della Scrittura giapponese. Pi\u00f9 che una mera abilit\u00e0 estetica, lo Shodo \u00e8 un viaggio interiore, un modo per connettere mente, corpo e spirito attraverso il gesto grafico, lasciando un&#8217;impronta unica e irripetibile sulla carta.<\/p>\n\t\t<\/div>\n\t\t\n\t\t<a class=\"elementor-post__read-more\" href=\"https:\/\/yoakegallery.com\/it\/masito-chi-sono-lho-scritto-con-largento-sopra-un-treno\/\" aria-label=\"Leggi tutto Shodo: L&#8217;Anima del Giappone Tracciata nell&#8217;Inchiostro\" tabindex=\"-1\" >\n\t\t\tLeggi tutto &gt;\t\t<\/a>\n\n\t\t\t\t<\/div>\n\t\t\t\t<\/article>\n\t\t\t\t<article class=\"elementor-post elementor-grid-item post-990150 post type-post status-publish format-standard has-post-thumbnail hentry category-journal\" role=\"listitem\">\n\t\t\t\t<a class=\"elementor-post__thumbnail__link\" href=\"https:\/\/yoakegallery.com\/it\/kill-tha-g-word-phase-2-and-his-italian-years\/\" tabindex=\"-1\" >\n\t\t\t<div class=\"elementor-post__thumbnail\"><img decoding=\"async\" width=\"768\" height=\"337\" src=\"https:\/\/yoakegallery.com\/wp-content\/uploads\/2025\/03\/Yoake-22-768x337.jpg\" class=\"attachment-medium_large size-medium_large wp-image-991960\" alt=\"\" title=\"\" srcset=\"https:\/\/yoakegallery.com\/wp-content\/uploads\/2025\/03\/Yoake-22-768x337.jpg 768w, https:\/\/yoakegallery.com\/wp-content\/uploads\/2025\/03\/Yoake-22-300x132.jpg 300w, https:\/\/yoakegallery.com\/wp-content\/uploads\/2025\/03\/Yoake-22-1024x449.jpg 1024w, https:\/\/yoakegallery.com\/wp-content\/uploads\/2025\/03\/Yoake-22-1536x674.jpg 1536w, https:\/\/yoakegallery.com\/wp-content\/uploads\/2025\/03\/Yoake-22-2048x899.jpg 2048w\" sizes=\"(max-width: 768px) 100vw, 768px\" \/><\/div>\n\t\t<\/a>\n\t\t\t\t<div class=\"elementor-post__text\">\n\t\t\t\t<h3 class=\"elementor-post__title\">\n\t\t\t<a href=\"https:\/\/yoakegallery.com\/it\/kill-tha-g-word-phase-2-and-his-italian-years\/\" >\n\t\t\t\tManga Mania: Quando i fumetti giapponesi diventano arte globale\t\t\t<\/a>\n\t\t<\/h3>\n\t\t\t\t<div class=\"elementor-post__excerpt\">\n\t\t\t<p>Da fenomeno di nicchia a colosso della cultura pop mondiale, i manga \u2013 e la loro controparte animata, gli anime \u2013 hanno conquistato lettori e spettatori di ogni et\u00e0, in ogni angolo del pianeta.<\/p>\n\t\t<\/div>\n\t\t\n\t\t<a class=\"elementor-post__read-more\" href=\"https:\/\/yoakegallery.com\/it\/kill-tha-g-word-phase-2-and-his-italian-years\/\" aria-label=\"Leggi tutto Manga Mania: Quando i fumetti giapponesi diventano arte globale\" tabindex=\"-1\" >\n\t\t\tLeggi tutto &gt;\t\t<\/a>\n\n\t\t\t\t<\/div>\n\t\t\t\t<\/article>\n\t\t\t\t<\/div>\n\t\t\t\t\t<span class=\"e-load-more-spinner\">\n\t\t\t\t<svg aria-hidden=\"true\" class=\"e-font-icon-svg e-fas-spinner\" viewBox=\"0 0 512 512\" xmlns=\"http:\/\/www.w3.org\/2000\/svg\"><path d=\"M304 48c0 26.51-21.49 48-48 48s-48-21.49-48-48 21.49-48 48-48 48 21.49 48 48zm-48 368c-26.51 0-48 21.49-48 48s21.49 48 48 48 48-21.49 48-48-21.49-48-48-48zm208-208c-26.51 0-48 21.49-48 48s21.49 48 48 48 48-21.49 48-48-21.49-48-48-48zM96 256c0-26.51-21.49-48-48-48S0 229.49 0 256s21.49 48 48 48 48-21.49 48-48zm12.922 99.078c-26.51 0-48 21.49-48 48s21.49 48 48 48 48-21.49 48-48c0-26.509-21.491-48-48-48zm294.156 0c-26.51 0-48 21.49-48 48s21.49 48 48 48 48-21.49 48-48c0-26.509-21.49-48-48-48zM108.922 60.922c-26.51 0-48 21.49-48 48s21.49 48 48 48 48-21.49 48-48-21.491-48-48-48z\"><\/path><\/svg>\t\t\t<\/span>\n\t\t\n\t\t\t\t\t\t<\/div>\n\t\t\t\t<\/div>\n\t\t\t\t<\/div>\n\t\t\t\t<\/div>\n\t\t","protected":false},"excerpt":{"rendered":"<p>Japanese visions<\/p>\n","protected":false},"author":1,"featured_media":0,"parent":0,"menu_order":55,"comment_status":"closed","ping_status":"closed","template":"","meta":{"footnotes":""},"class_list":["post-990348","page","type-page","status-publish","hentry"],"_links":{"self":[{"href":"https:\/\/yoakegallery.com\/it\/wp-json\/wp\/v2\/pages\/990348","targetHints":{"allow":["GET"]}}],"collection":[{"href":"https:\/\/yoakegallery.com\/it\/wp-json\/wp\/v2\/pages"}],"about":[{"href":"https:\/\/yoakegallery.com\/it\/wp-json\/wp\/v2\/types\/page"}],"author":[{"embeddable":true,"href":"https:\/\/yoakegallery.com\/it\/wp-json\/wp\/v2\/users\/1"}],"replies":[{"embeddable":true,"href":"https:\/\/yoakegallery.com\/it\/wp-json\/wp\/v2\/comments?post=990348"}],"version-history":[{"count":10,"href":"https:\/\/yoakegallery.com\/it\/wp-json\/wp\/v2\/pages\/990348\/revisions"}],"predecessor-version":[{"id":992057,"href":"https:\/\/yoakegallery.com\/it\/wp-json\/wp\/v2\/pages\/990348\/revisions\/992057"}],"wp:attachment":[{"href":"https:\/\/yoakegallery.com\/it\/wp-json\/wp\/v2\/media?parent=990348"}],"curies":[{"name":"wp","href":"https:\/\/api.w.org\/{rel}","templated":true}]}}