{"id":992058,"date":"2025-04-13T19:32:52","date_gmt":"2025-04-13T17:32:52","guid":{"rendered":"https:\/\/yoakegallery.com\/yoake-journal\/"},"modified":"2025-04-13T19:32:53","modified_gmt":"2025-04-13T17:32:53","slug":"yoake-journal","status":"publish","type":"page","link":"https:\/\/yoakegallery.com\/fr\/yoake-journal\/","title":{"rendered":"Yoake Journal"},"content":{"rendered":"\t\t<div data-elementor-type=\"wp-page\" data-elementor-id=\"992058\" class=\"elementor elementor-992058 elementor-990340\" data-elementor-post-type=\"page\">\n\t\t\t\t<div class=\"elementor-element elementor-element-6ac0dc74 e-flex e-con-boxed e-con e-parent\" data-id=\"6ac0dc74\" data-element_type=\"container\" data-settings=\"{&quot;background_background&quot;:&quot;classic&quot;}\">\n\t\t\t\t\t<div class=\"e-con-inner\">\n\t\t\t\t<div class=\"elementor-element elementor-element-28d8eceb elementor-widget elementor-widget-heading\" data-id=\"28d8eceb\" data-element_type=\"widget\" data-widget_type=\"heading.default\">\n\t\t\t\t<div class=\"elementor-widget-container\">\n\t\t\t\t\t<h1 class=\"elementor-heading-title elementor-size-default\">JOAKE Journal<\/h1>\t\t\t\t<\/div>\n\t\t\t\t<\/div>\n\t\t\t\t<div class=\"elementor-element elementor-element-d3a64c3 elementor-widget elementor-widget-text-editor\" data-id=\"d3a64c3\" data-element_type=\"widget\" data-widget_type=\"text-editor.default\">\n\t\t\t\t<div class=\"elementor-widget-container\">\n\t\t\t\t\t\t\t\t\t<p>JAPANESE VISIONS<\/p>\n\t\t\t\t\t\t\t\t<\/div>\n\t\t\t\t<\/div>\n\t\t\t\t\t<\/div>\n\t\t\t\t<\/div>\n\t\t<div class=\"elementor-element elementor-element-56f3a89a e-con-full e-flex e-con e-parent\" data-id=\"56f3a89a\" data-element_type=\"container\">\n\t\t\t\t<div class=\"elementor-element elementor-element-4998ae3e elementor-grid-laptop-2 elementor-grid-widescreen-2 elementor-grid-tablet-1 elementor-grid-3 elementor-grid-mobile-1 elementor-posts--thumbnail-top load-more-align-center elementor-widget elementor-widget-posts\" data-id=\"4998ae3e\" data-element_type=\"widget\" data-settings=\"{&quot;classic_row_gap_mobile&quot;:{&quot;unit&quot;:&quot;px&quot;,&quot;size&quot;:20,&quot;sizes&quot;:[]},&quot;pagination_type&quot;:&quot;load_more_on_click&quot;,&quot;classic_columns_laptop&quot;:&quot;2&quot;,&quot;classic_columns_widescreen&quot;:&quot;2&quot;,&quot;classic_columns_tablet&quot;:&quot;1&quot;,&quot;classic_row_gap&quot;:{&quot;unit&quot;:&quot;px&quot;,&quot;size&quot;:20,&quot;sizes&quot;:[]},&quot;_animation_mobile&quot;:&quot;none&quot;,&quot;classic_columns&quot;:&quot;3&quot;,&quot;classic_columns_mobile&quot;:&quot;1&quot;,&quot;classic_row_gap_widescreen&quot;:{&quot;unit&quot;:&quot;px&quot;,&quot;size&quot;:&quot;&quot;,&quot;sizes&quot;:[]},&quot;classic_row_gap_laptop&quot;:{&quot;unit&quot;:&quot;px&quot;,&quot;size&quot;:&quot;&quot;,&quot;sizes&quot;:[]},&quot;classic_row_gap_tablet_extra&quot;:{&quot;unit&quot;:&quot;px&quot;,&quot;size&quot;:&quot;&quot;,&quot;sizes&quot;:[]},&quot;classic_row_gap_tablet&quot;:{&quot;unit&quot;:&quot;px&quot;,&quot;size&quot;:&quot;&quot;,&quot;sizes&quot;:[]},&quot;classic_row_gap_mobile_extra&quot;:{&quot;unit&quot;:&quot;px&quot;,&quot;size&quot;:&quot;&quot;,&quot;sizes&quot;:[]},&quot;load_more_spinner&quot;:{&quot;value&quot;:&quot;fas fa-spinner&quot;,&quot;library&quot;:&quot;fa-solid&quot;}}\" data-widget_type=\"posts.classic\">\n\t\t\t\t<div class=\"elementor-widget-container\">\n\t\t\t\t\t\t\t<div class=\"elementor-posts-container elementor-posts elementor-posts--skin-classic elementor-grid\" role=\"list\">\n\t\t\t\t<article class=\"elementor-post elementor-grid-item post-991985 post type-post status-publish format-standard has-post-thumbnail hentry category-journal-fr\" role=\"listitem\">\n\t\t\t\t<a class=\"elementor-post__thumbnail__link\" href=\"https:\/\/yoakegallery.com\/fr\/shodo-lame-du-japon-tracee-a-lencre\/\" tabindex=\"-1\" >\n\t\t\t<div class=\"elementor-post__thumbnail\"><img fetchpriority=\"high\" decoding=\"async\" width=\"768\" height=\"237\" src=\"https:\/\/yoakegallery.com\/wp-content\/uploads\/2025\/03\/Yoake-21-768x237.jpg\" class=\"attachment-medium_large size-medium_large wp-image-991955\" alt=\"\" title=\"\" srcset=\"https:\/\/yoakegallery.com\/wp-content\/uploads\/2025\/03\/Yoake-21-768x237.jpg 768w, https:\/\/yoakegallery.com\/wp-content\/uploads\/2025\/03\/Yoake-21-300x93.jpg 300w, https:\/\/yoakegallery.com\/wp-content\/uploads\/2025\/03\/Yoake-21-1024x317.jpg 1024w, https:\/\/yoakegallery.com\/wp-content\/uploads\/2025\/03\/Yoake-21-1536x475.jpg 1536w, https:\/\/yoakegallery.com\/wp-content\/uploads\/2025\/03\/Yoake-21-2048x633.jpg 2048w\" sizes=\"(max-width: 768px) 100vw, 768px\" \/><\/div>\n\t\t<\/a>\n\t\t\t\t<div class=\"elementor-post__text\">\n\t\t\t\t<h3 class=\"elementor-post__title\">\n\t\t\t<a href=\"https:\/\/yoakegallery.com\/fr\/shodo-lame-du-japon-tracee-a-lencre\/\" >\n\t\t\t\tShodo : L&rsquo;\u00c2me du Japon Trac\u00e9e \u00e0 l&rsquo;Encre\t\t\t<\/a>\n\t\t<\/h3>\n\t\t\t\t<div class=\"elementor-post__excerpt\">\n\t\t\t<p>Shodo, la Voie de l&rsquo;\u00c9criture japonaise. Plus qu&rsquo;une simple comp\u00e9tence esth\u00e9tique, le Shodo est un voyage int\u00e9rieur, une mani\u00e8re de connecter l&rsquo;esprit, le corps et l&rsquo;\u00e2me \u00e0 travers le geste graphique, laissant une empreinte unique et irrempla\u00e7able sur le papier.<\/p>\n\t\t<\/div>\n\t\t\n\t\t<a class=\"elementor-post__read-more\" href=\"https:\/\/yoakegallery.com\/fr\/shodo-lame-du-japon-tracee-a-lencre\/\" aria-label=\"En savoir plus sur Shodo : L&rsquo;\u00c2me du Japon Trac\u00e9e \u00e0 l&rsquo;Encre\" tabindex=\"-1\" >\n\t\t\tLire la suite &gt;\t\t<\/a>\n\n\t\t\t\t<\/div>\n\t\t\t\t<\/article>\n\t\t\t\t<article class=\"elementor-post elementor-grid-item post-992002 post type-post status-publish format-standard has-post-thumbnail hentry category-journal-fr\" role=\"listitem\">\n\t\t\t\t<a class=\"elementor-post__thumbnail__link\" href=\"https:\/\/yoakegallery.com\/fr\/manga-mania-quand-la-bande-dessinee-japonaise-devient-un-art-global\/\" tabindex=\"-1\" >\n\t\t\t<div class=\"elementor-post__thumbnail\"><img decoding=\"async\" width=\"768\" height=\"337\" src=\"https:\/\/yoakegallery.com\/wp-content\/uploads\/2025\/03\/Yoake-22-768x337.jpg\" class=\"attachment-medium_large size-medium_large wp-image-991959\" alt=\"\" title=\"\" srcset=\"https:\/\/yoakegallery.com\/wp-content\/uploads\/2025\/03\/Yoake-22-768x337.jpg 768w, https:\/\/yoakegallery.com\/wp-content\/uploads\/2025\/03\/Yoake-22-300x132.jpg 300w, https:\/\/yoakegallery.com\/wp-content\/uploads\/2025\/03\/Yoake-22-1024x449.jpg 1024w, https:\/\/yoakegallery.com\/wp-content\/uploads\/2025\/03\/Yoake-22-1536x674.jpg 1536w, https:\/\/yoakegallery.com\/wp-content\/uploads\/2025\/03\/Yoake-22-2048x899.jpg 2048w\" sizes=\"(max-width: 768px) 100vw, 768px\" \/><\/div>\n\t\t<\/a>\n\t\t\t\t<div class=\"elementor-post__text\">\n\t\t\t\t<h3 class=\"elementor-post__title\">\n\t\t\t<a href=\"https:\/\/yoakegallery.com\/fr\/manga-mania-quand-la-bande-dessinee-japonaise-devient-un-art-global\/\" >\n\t\t\t\tManga Mania : Quand la Bande Dessin\u00e9e Japonaise Devient un Art Global\t\t\t<\/a>\n\t\t<\/h3>\n\t\t\t\t<div class=\"elementor-post__excerpt\">\n\t\t\t<p>De ph\u00e9nom\u00e8ne de niche \u00e0 mastodonte de la culture pop mondiale, les mangas \u2013 et leur pendant anim\u00e9, les animes \u2013 ont conquis lecteurs et spectateurs de tous \u00e2ges, aux quatre coins de la plan\u00e8te.<\/p>\n\t\t<\/div>\n\t\t\n\t\t<a class=\"elementor-post__read-more\" href=\"https:\/\/yoakegallery.com\/fr\/manga-mania-quand-la-bande-dessinee-japonaise-devient-un-art-global\/\" aria-label=\"En savoir plus sur Manga Mania : Quand la Bande Dessin\u00e9e Japonaise Devient un Art Global\" tabindex=\"-1\" >\n\t\t\tLire la suite &gt;\t\t<\/a>\n\n\t\t\t\t<\/div>\n\t\t\t\t<\/article>\n\t\t\t\t<\/div>\n\t\t\t\t\t<span class=\"e-load-more-spinner\">\n\t\t\t\t<svg aria-hidden=\"true\" class=\"e-font-icon-svg e-fas-spinner\" viewBox=\"0 0 512 512\" xmlns=\"http:\/\/www.w3.org\/2000\/svg\"><path d=\"M304 48c0 26.51-21.49 48-48 48s-48-21.49-48-48 21.49-48 48-48 48 21.49 48 48zm-48 368c-26.51 0-48 21.49-48 48s21.49 48 48 48 48-21.49 48-48-21.49-48-48-48zm208-208c-26.51 0-48 21.49-48 48s21.49 48 48 48 48-21.49 48-48-21.49-48-48-48zM96 256c0-26.51-21.49-48-48-48S0 229.49 0 256s21.49 48 48 48 48-21.49 48-48zm12.922 99.078c-26.51 0-48 21.49-48 48s21.49 48 48 48 48-21.49 48-48c0-26.509-21.491-48-48-48zm294.156 0c-26.51 0-48 21.49-48 48s21.49 48 48 48 48-21.49 48-48c0-26.509-21.49-48-48-48zM108.922 60.922c-26.51 0-48 21.49-48 48s21.49 48 48 48 48-21.49 48-48-21.491-48-48-48z\"><\/path><\/svg>\t\t\t<\/span>\n\t\t\n\t\t\t\t\t\t<\/div>\n\t\t\t\t<\/div>\n\t\t\t\t<\/div>\n\t\t\t\t<\/div>\n\t\t","protected":false},"excerpt":{"rendered":"<p>Japanese visions<\/p>\n","protected":false},"author":1,"featured_media":0,"parent":0,"menu_order":55,"comment_status":"closed","ping_status":"closed","template":"","meta":{"footnotes":""},"class_list":["post-992058","page","type-page","status-publish","hentry"],"_links":{"self":[{"href":"https:\/\/yoakegallery.com\/fr\/wp-json\/wp\/v2\/pages\/992058","targetHints":{"allow":["GET"]}}],"collection":[{"href":"https:\/\/yoakegallery.com\/fr\/wp-json\/wp\/v2\/pages"}],"about":[{"href":"https:\/\/yoakegallery.com\/fr\/wp-json\/wp\/v2\/types\/page"}],"author":[{"embeddable":true,"href":"https:\/\/yoakegallery.com\/fr\/wp-json\/wp\/v2\/users\/1"}],"replies":[{"embeddable":true,"href":"https:\/\/yoakegallery.com\/fr\/wp-json\/wp\/v2\/comments?post=992058"}],"version-history":[{"count":1,"href":"https:\/\/yoakegallery.com\/fr\/wp-json\/wp\/v2\/pages\/992058\/revisions"}],"predecessor-version":[{"id":992059,"href":"https:\/\/yoakegallery.com\/fr\/wp-json\/wp\/v2\/pages\/992058\/revisions\/992059"}],"wp:attachment":[{"href":"https:\/\/yoakegallery.com\/fr\/wp-json\/wp\/v2\/media?parent=992058"}],"curies":[{"name":"wp","href":"https:\/\/api.w.org\/{rel}","templated":true}]}}