{"id":991902,"date":"2025-04-12T16:08:11","date_gmt":"2025-04-12T14:08:11","guid":{"rendered":"https:\/\/yoakegallery.com\/liste-prioritaire\/"},"modified":"2025-04-13T20:26:22","modified_gmt":"2025-04-13T18:26:22","slug":"liste-prioritaire","status":"publish","type":"page","link":"https:\/\/yoakegallery.com\/fr\/liste-prioritaire\/","title":{"rendered":"Liste prioritaire"},"content":{"rendered":"\t\t<div data-elementor-type=\"wp-page\" data-elementor-id=\"991902\" class=\"elementor elementor-991902 elementor-988560\" data-elementor-post-type=\"page\">\n\t\t\t\t<div class=\"elementor-element elementor-element-3435a6fc e-flex e-con-boxed e-con e-parent\" data-id=\"3435a6fc\" data-element_type=\"container\" data-settings=\"{&quot;background_background&quot;:&quot;classic&quot;}\">\n\t\t\t\t\t<div class=\"e-con-inner\">\n\t\t\t\t<div class=\"elementor-element elementor-element-8f77566 elementor-widget elementor-widget-heading\" data-id=\"8f77566\" data-element_type=\"widget\" data-widget_type=\"heading.default\">\n\t\t\t\t<div class=\"elementor-widget-container\">\n\t\t\t\t\t<h1 class=\"elementor-heading-title elementor-size-default\">Liste prioritaire<\/h1>\t\t\t\t<\/div>\n\t\t\t\t<\/div>\n\t\t\t\t\t<\/div>\n\t\t\t\t<\/div>\n\t\t<div class=\"elementor-element elementor-element-1c0985d0 e-flex e-con-boxed e-con e-parent\" data-id=\"1c0985d0\" data-element_type=\"container\">\n\t\t\t\t\t<div class=\"e-con-inner\">\n\t\t\t\t<div class=\"elementor-element elementor-element-2fc772aa elementor-widget__width-inherit elementor-widget elementor-widget-theme-post-featured-image elementor-widget-image\" data-id=\"2fc772aa\" data-element_type=\"widget\" data-widget_type=\"theme-post-featured-image.default\">\n\t\t\t\t<div class=\"elementor-widget-container\">\n\t\t\t\t\t\t\t\t\t\t\t\t\t\t\t<img fetchpriority=\"high\" decoding=\"async\" width=\"2600\" height=\"637\" src=\"https:\/\/yoakegallery.com\/wp-content\/uploads\/2025\/04\/Yoak-19.png\" class=\"attachment-full size-full wp-image-991782\" alt=\"\" srcset=\"https:\/\/yoakegallery.com\/wp-content\/uploads\/2025\/04\/Yoak-19.png 2600w, https:\/\/yoakegallery.com\/wp-content\/uploads\/2025\/04\/Yoak-19-300x74.png 300w, https:\/\/yoakegallery.com\/wp-content\/uploads\/2025\/04\/Yoak-19-1024x251.png 1024w, https:\/\/yoakegallery.com\/wp-content\/uploads\/2025\/04\/Yoak-19-768x188.png 768w, https:\/\/yoakegallery.com\/wp-content\/uploads\/2025\/04\/Yoak-19-1536x376.png 1536w, https:\/\/yoakegallery.com\/wp-content\/uploads\/2025\/04\/Yoak-19-2048x502.png 2048w\" sizes=\"(max-width: 2600px) 100vw, 2600px\" title=\"\">\t\t\t\t\t\t\t\t\t\t\t\t\t\t\t<\/div>\n\t\t\t\t<\/div>\n\t\t\t\t\t<\/div>\n\t\t\t\t<\/div>\n\t\t<div class=\"elementor-element elementor-element-13395827 e-flex e-con-boxed e-con e-parent\" data-id=\"13395827\" data-element_type=\"container\">\n\t\t\t\t\t<div class=\"e-con-inner\">\n\t\t<div class=\"elementor-element elementor-element-27bb26da e-con-full e-flex e-con e-child\" data-id=\"27bb26da\" data-element_type=\"container\" data-settings=\"{&quot;background_background&quot;:&quot;classic&quot;}\">\n\t\t\t\t<div class=\"elementor-element elementor-element-245e7061 elementor-widget elementor-widget-text-editor\" data-id=\"245e7061\" data-element_type=\"widget\" data-widget_type=\"text-editor.default\">\n\t\t\t\t<div class=\"elementor-widget-container\">\n\t\t\t\t\t\t\t\t\t<h3 class=\"my-0\">Rejoignez Notre Liste Prioritaire<\/h3>\n<p><\/p>\n<h4 class=\"my-0\">En rejoignant la Liste Prioritaire Yoake, vous b\u00e9n\u00e9ficierez d&rsquo;avantages exceptionnels con\u00e7us sp\u00e9cifiquement pour les collectionneurs s\u00e9rieux et les passionn\u00e9s d&rsquo;art :<\/h4>\n<p><\/p>\n<p class=\"my-0\">Acc\u00e8s Anticip\u00e9 : Soyez parmi les premiers \u00e0 voir et \u00e0 acheter de nouvelles \u0153uvres d&rsquo;art et expositions avant qu&rsquo;elles ne soient disponibles au grand public<\/p>\n<ul>\n<li class=\"my-0\"><strong>Remise Exclusive de 20% :<\/strong> Profitez d&rsquo;une r\u00e9duction substantielle de 20% sur tous les achats effectu\u00e9s pendant les 7 premiers jours de chaque nouvelle exposition<\/li>\n<li class=\"my-0\"><strong>Premier Aper\u00e7u des Nouvelles Collections :<\/strong> Recevez des notifications imm\u00e9diates lors du lancement de nouvelles expositions d&rsquo;artistes ou lorsque des pi\u00e8ces en \u00e9dition limit\u00e9e deviennent disponibles<\/li>\n<li class=\"my-0\"><strong>Invitations Sp\u00e9ciales :<\/strong> Recevez des invitations exclusives aux \u00e9v\u00e9nements en ligne et en personne li\u00e9s aux nouvelles expositions et artistes<\/li>\n<li class=\"my-0\"><strong>Avantage du Collectionneur :<\/strong> Obtenez des originaux et des tirages en \u00e9dition limit\u00e9e avant qu&rsquo;ils ne soient \u00e9puis\u00e9s, car la plupart des ventes ont lieu pendant la p\u00e9riode d&rsquo;acc\u00e8s Prioritaire<\/li>\n<li class=\"my-0\"><strong>Aucun Co\u00fbt d&rsquo;Adh\u00e9sion :<\/strong> L&rsquo;adh\u00e9sion est enti\u00e8rement gratuite et vous donne un avantage significatif dans la constitution de votre collection<\/li>\n<\/ul>\n<p><\/p>\n<p class=\"my-0\">La Liste Prioritaire cr\u00e9e un lien direct entre les collectionneurs et les artistes, vous assurant de ne jamais manquer l&rsquo;opportunit\u00e9 d&rsquo;acqu\u00e9rir des pi\u00e8ces de vos artistes pr\u00e9f\u00e9r\u00e9s. Notre syst\u00e8me a \u00e9t\u00e9 sp\u00e9cifiquement con\u00e7u pour r\u00e9compenser les fid\u00e8les et les collectionneurs s\u00e9rieux avec des avantages tangibles.<\/p>\n<p><\/p>\n<p class=\"my-0\">Inscrivez-vous aujourd&rsquo;hui pour rejoindre une communaut\u00e9 de collectionneurs passionn\u00e9s d&rsquo;art graffiti et s\u00e9curiser votre position privil\u00e9gi\u00e9e pour toutes les futures expositions de la Galerie Yoake<\/p>\n\t\t\t\t\t\t\t\t<\/div>\n\t\t\t\t<\/div>\n\t\t\t\t<div class=\"elementor-element elementor-element-44fb0432 elementor-button-align-stretch elementor-widget elementor-widget-form\" data-id=\"44fb0432\" data-element_type=\"widget\" data-settings=\"{&quot;step_next_label&quot;:&quot;Suivant&quot;,&quot;step_previous_label&quot;:&quot;Pr\\u00e9c\\u00e9dent&quot;,&quot;button_width&quot;:&quot;100&quot;,&quot;step_type&quot;:&quot;number_text&quot;,&quot;step_icon_shape&quot;:&quot;circle&quot;}\" data-widget_type=\"form.default\">\n\t\t\t\t<div class=\"elementor-widget-container\">\n\t\t\t\t\t\t\t<form class=\"elementor-form\" method=\"post\" name=\"New Form\" aria-label=\"New Form\">\n\t\t\t<input type=\"hidden\" name=\"post_id\" value=\"991902\"\/>\n\t\t\t<input type=\"hidden\" name=\"form_id\" value=\"44fb0432\"\/>\n\t\t\t<input type=\"hidden\" name=\"referer_title\" value=\"\" \/>\n\n\t\t\t\n\t\t\t<div class=\"elementor-form-fields-wrapper elementor-labels-\">\n\t\t\t\t\t\t\t\t<div class=\"elementor-field-type-text elementor-field-group elementor-column elementor-field-group-first_name elementor-col-100 elementor-field-required\">\n\t\t\t\t\t\t\t\t\t\t\t\t<label for=\"form-field-first_name\" class=\"elementor-field-label elementor-screen-only\">\n\t\t\t\t\t\t\t\tNom\t\t\t\t\t\t\t<\/label>\n\t\t\t\t\t\t\t\t\t\t\t\t\t\t<input size=\"1\" type=\"text\" name=\"form_fields[first_name]\" id=\"form-field-first_name\" class=\"elementor-field elementor-size-sm  elementor-field-textual\" placeholder=\"Nom\" required=\"required\">\n\t\t\t\t\t\t\t\t\t\t\t<\/div>\n\t\t\t\t\t\t\t\t<div class=\"elementor-field-type-email elementor-field-group elementor-column elementor-field-group-email elementor-col-100 elementor-field-required\">\n\t\t\t\t\t\t\t\t\t\t\t\t<label for=\"form-field-email\" class=\"elementor-field-label elementor-screen-only\">\n\t\t\t\t\t\t\t\tCourriel\t\t\t\t\t\t\t<\/label>\n\t\t\t\t\t\t\t\t\t\t\t\t\t\t<input size=\"1\" type=\"email\" name=\"form_fields[email]\" id=\"form-field-email\" class=\"elementor-field elementor-size-sm  elementor-field-textual\" placeholder=\"Courriel\" required=\"required\">\n\t\t\t\t\t\t\t\t\t\t\t<\/div>\n\t\t\t\t\t\t\t\t<div class=\"elementor-field-type-text\">\n\t\t\t\t\t<input size=\"1\" type=\"text\" name=\"form_fields[field_a6b1609]\" id=\"form-field-field_a6b1609\" class=\"elementor-field elementor-size-sm \" style=\"display:none !important;\">\t\t\t\t<\/div>\n\t\t\t\t\t\t\t\t<div class=\"elementor-field-group elementor-column elementor-field-type-submit elementor-col-100 e-form__buttons\">\n\t\t\t\t\t<button class=\"elementor-button elementor-size-md\" type=\"submit\">\n\t\t\t\t\t\t<span class=\"elementor-button-content-wrapper\">\n\t\t\t\t\t\t\t\t\t\t\t\t\t\t\t<span class=\"elementor-button-icon\">\n\t\t\t\t\t\t\t\t\t<i aria-hidden=\"true\" class=\"vamtamtheme- vamtam-theme-plus\"><\/i>\t\t\t\t\t\t\t\t\t\t\t\t\t\t\t\t\t<\/span>\n\t\t\t\t\t\t\t\t\t\t\t\t\t\t\t\t\t\t\t\t\t\t<span class=\"elementor-button-text\">REJOIGNEZ-NOUS MAINTENANT<\/span>\n\t\t\t\t\t\t\t\t\t\t\t\t\t<\/span>\n\t\t\t\t\t<\/button>\n\t\t\t\t<\/div>\n\t\t\t<\/div>\n\t\t<\/form>\n\t\t\t\t\t\t<\/div>\n\t\t\t\t<\/div>\n\t\t\t\t<\/div>\n\t\t\t\t\t<\/div>\n\t\t\t\t<\/div>\n\t\t\t\t<\/div>\n\t\t","protected":false},"excerpt":{"rendered":"<p>Offre aux collectionneurs un acc\u00e8s anticip\u00e9 aux \u0153uvres avec une r\u00e9duction de 20 % pendant les 7 premiers jours suivant le lancement d&rsquo;une nouvelle exposition.<\/p>\n","protected":false},"author":1,"featured_media":991782,"parent":0,"menu_order":5,"comment_status":"closed","ping_status":"closed","template":"","meta":{"footnotes":""},"class_list":["post-991902","page","type-page","status-publish","has-post-thumbnail","hentry"],"_links":{"self":[{"href":"https:\/\/yoakegallery.com\/fr\/wp-json\/wp\/v2\/pages\/991902","targetHints":{"allow":["GET"]}}],"collection":[{"href":"https:\/\/yoakegallery.com\/fr\/wp-json\/wp\/v2\/pages"}],"about":[{"href":"https:\/\/yoakegallery.com\/fr\/wp-json\/wp\/v2\/types\/page"}],"author":[{"embeddable":true,"href":"https:\/\/yoakegallery.com\/fr\/wp-json\/wp\/v2\/users\/1"}],"replies":[{"embeddable":true,"href":"https:\/\/yoakegallery.com\/fr\/wp-json\/wp\/v2\/comments?post=991902"}],"version-history":[{"count":3,"href":"https:\/\/yoakegallery.com\/fr\/wp-json\/wp\/v2\/pages\/991902\/revisions"}],"predecessor-version":[{"id":992084,"href":"https:\/\/yoakegallery.com\/fr\/wp-json\/wp\/v2\/pages\/991902\/revisions\/992084"}],"wp:featuredmedia":[{"embeddable":true,"href":"https:\/\/yoakegallery.com\/fr\/wp-json\/wp\/v2\/media\/991782"}],"wp:attachment":[{"href":"https:\/\/yoakegallery.com\/fr\/wp-json\/wp\/v2\/media?parent=991902"}],"curies":[{"name":"wp","href":"https:\/\/api.w.org\/{rel}","templated":true}]}}