{"id":991880,"date":"2025-04-12T13:38:49","date_gmt":"2025-04-12T11:38:49","guid":{"rendered":"https:\/\/yoakegallery.com\/pourquoi-yoake\/"},"modified":"2025-04-12T15:55:44","modified_gmt":"2025-04-12T13:55:44","slug":"pourquoi-yoake","status":"publish","type":"page","link":"https:\/\/yoakegallery.com\/fr\/pourquoi-yoake\/","title":{"rendered":"Pourquoi Yoake ?"},"content":{"rendered":"\t\t<div data-elementor-type=\"wp-page\" data-elementor-id=\"991880\" class=\"elementor elementor-991880 elementor-991866\" data-elementor-post-type=\"page\">\n\t\t\t\t<div class=\"elementor-element elementor-element-3435a6fc e-flex e-con-boxed e-con e-parent\" data-id=\"3435a6fc\" data-element_type=\"container\" data-settings=\"{&quot;background_background&quot;:&quot;classic&quot;}\">\n\t\t\t\t\t<div class=\"e-con-inner\">\n\t\t\t\t<div class=\"elementor-element elementor-element-8f77566 elementor-widget elementor-widget-heading\" data-id=\"8f77566\" data-element_type=\"widget\" data-widget_type=\"heading.default\">\n\t\t\t\t<div class=\"elementor-widget-container\">\n\t\t\t\t\t<h1 class=\"elementor-heading-title elementor-size-default\">Pourquoi Yoake ?<\/h1>\t\t\t\t<\/div>\n\t\t\t\t<\/div>\n\t\t\t\t\t<\/div>\n\t\t\t\t<\/div>\n\t\t<div class=\"elementor-element elementor-element-1c0985d0 e-flex e-con-boxed e-con e-parent\" data-id=\"1c0985d0\" data-element_type=\"container\">\n\t\t\t\t\t<div class=\"e-con-inner\">\n\t\t\t\t<div class=\"elementor-element elementor-element-2fc772aa elementor-widget__width-inherit elementor-widget elementor-widget-theme-post-featured-image elementor-widget-image\" data-id=\"2fc772aa\" data-element_type=\"widget\" data-widget_type=\"theme-post-featured-image.default\">\n\t\t\t\t<div class=\"elementor-widget-container\">\n\t\t\t\t\t\t\t\t\t\t\t\t\t\t\t<img fetchpriority=\"high\" decoding=\"async\" width=\"2459\" height=\"581\" src=\"https:\/\/yoakegallery.com\/wp-content\/uploads\/2025\/04\/Yoak-20.png\" class=\"attachment-full size-full wp-image-991834\" alt=\"\" srcset=\"https:\/\/yoakegallery.com\/wp-content\/uploads\/2025\/04\/Yoak-20.png 2459w, https:\/\/yoakegallery.com\/wp-content\/uploads\/2025\/04\/Yoak-20-300x71.png 300w, https:\/\/yoakegallery.com\/wp-content\/uploads\/2025\/04\/Yoak-20-1024x242.png 1024w, https:\/\/yoakegallery.com\/wp-content\/uploads\/2025\/04\/Yoak-20-768x181.png 768w, https:\/\/yoakegallery.com\/wp-content\/uploads\/2025\/04\/Yoak-20-1536x363.png 1536w, https:\/\/yoakegallery.com\/wp-content\/uploads\/2025\/04\/Yoak-20-2048x484.png 2048w\" sizes=\"(max-width: 2459px) 100vw, 2459px\" title=\"\">\t\t\t\t\t\t\t\t\t\t\t\t\t\t\t<\/div>\n\t\t\t\t<\/div>\n\t\t\t\t\t<\/div>\n\t\t\t\t<\/div>\n\t\t<div class=\"elementor-element elementor-element-13395827 e-flex e-con-boxed e-con e-parent\" data-id=\"13395827\" data-element_type=\"container\">\n\t\t\t\t\t<div class=\"e-con-inner\">\n\t\t<div class=\"elementor-element elementor-element-27bb26da e-con-full e-flex e-con e-child\" data-id=\"27bb26da\" data-element_type=\"container\" data-settings=\"{&quot;background_background&quot;:&quot;classic&quot;}\">\n\t\t\t\t<div class=\"elementor-element elementor-element-245e7061 elementor-widget elementor-widget-text-editor\" data-id=\"245e7061\" data-element_type=\"widget\" data-widget_type=\"text-editor.default\">\n\t\t\t\t<div class=\"elementor-widget-container\">\n\t\t\t\t\t\t\t\t\t<h4 class=\"my-0\">Dans les moments de calme pr\u00e9c\u00e9dant l&rsquo;aube, lorsque la nuit c\u00e8de progressivement la place aux premi\u00e8res lueurs, il existe une transition profonde que la culture japonaise a captur\u00e9e en un seul mot : \u00ab\u00a0Yoake\u00a0\u00bb (\u591c\u660e\u3051). Signifiant \u00ab\u00a0aube\u00a0\u00bb ou \u00ab\u00a0lever du jour\u00a0\u00bb en japonais, Yoake fait r\u00e9f\u00e9rence \u00e0 ce moment magique o\u00f9 le soleil commence \u00e0 se lever, illuminant ce qui \u00e9tait auparavant dans l&rsquo;obscurit\u00e9.<\/h4>\n<p><\/p>\n<p class=\"my-0\">Cette puissante m\u00e9taphore d&rsquo;\u00e9mergence et de r\u00e9v\u00e9lation forme le fondement philosophique de Yoake Gallery. Tout comme l&rsquo;aube apporte de la visibilit\u00e9 \u00e0 ce qui \u00e9tait auparavant invisible, notre plateforme vise \u00e0 mettre en lumi\u00e8re le travail extraordinaire d&rsquo;artistes d\u00e9di\u00e9s \u00e0 la calligraphie japonaise (Shodo) et \u00e0 l&rsquo;art \u00e0 l&rsquo;encre d&rsquo;inspiration japonaise qui reste souvent cach\u00e9 au public mondial.<\/p>\n<p><\/p>\n<p class=\"my-0\">Yoake Gallery est n\u00e9e d&rsquo;une passion authentique pour la culture japonaise et l&rsquo;art de l&rsquo;encre, avec une attention particuli\u00e8re \u00e0 la belle discipline de la calligraphie japonaise. Notre vision s&rsquo;\u00e9tend au-del\u00e0 des formes traditionnelles pour embrasser les influences modernes et contemporaines, y compris les esth\u00e9tiques inspir\u00e9es de l&rsquo;anime et du manga qui ont captiv\u00e9 le public mondial.<\/p>\n<p><\/p>\n<p class=\"my-0\">Contrairement aux plateformes cr\u00e9\u00e9es par des personnes ext\u00e9rieures cherchant simplement \u00e0 capitaliser sur ces formes d&rsquo;art, Yoake Gallery a \u00e9t\u00e9 soigneusement con\u00e7ue et d\u00e9velopp\u00e9e pour les artistes eux-m\u00eames. Nous avons cr\u00e9\u00e9 un \u00e9cosyst\u00e8me transparent qui \u00e9limine les barri\u00e8res typiques du march\u00e9 de l&rsquo;art traditionnel\u2014pas d&rsquo;interm\u00e9diaires d\u00e9tach\u00e9s, pas de sp\u00e9culation\u2014juste une connexion directe entre les artistes et les collectionneurs du monde entier.<\/p>\n<p><\/p>\n<p class=\"my-0\">Notre mission est ambitieuse mais claire : devenir le point de r\u00e9f\u00e9rence mondial pour le Shodo et l&rsquo;art \u00e0 l&rsquo;encre d&rsquo;inspiration japonaise en ligne, cr\u00e9ant un march\u00e9 dynamique o\u00f9 les calligraphes et les artistes peuvent v\u00e9ritablement mon\u00e9tiser leur travail et se connecter avec des passionn\u00e9s du Japon, des collectionneurs et d&rsquo;autres artistes \u00e0 travers le monde.<\/p>\n<p><\/p>\n<p class=\"my-0\">Nous reconnaissons que le Shodo et la peinture \u00e0 l&rsquo;encre d&rsquo;inspiration japonaise sont des formes d&rsquo;art d&rsquo;une profonde valeur culturelle, \u00e0 travers lesquelles les artistes continuent de s&rsquo;exprimer de mani\u00e8re traditionnelle et innovante. En pr\u00e9sentant leur travail sur notre plateforme, nous c\u00e9l\u00e9brons non seulement ces traditions artistiques, mais nous assurons \u00e9galement leur durabilit\u00e9 dans le monde contemporain.<\/p>\n<p><\/p>\n<p class=\"my-0\">L&rsquo;aube repr\u00e9sente non seulement le d\u00e9but d&rsquo;une nouvelle journ\u00e9e, mais aussi la promesse de nouvelles possibilit\u00e9s. Chez Yoake Gallery, nous nous engageons \u00e0 cr\u00e9er ces nouvelles possibilit\u00e9s pour les artistes d\u00e9di\u00e9s aux traditions esth\u00e9tiques japonaises, en les aidant \u00e0 partager leur vision avec le monde et \u00e0 construire des carri\u00e8res artistiques durables.<\/p>\n<p><\/p>\n<p class=\"my-0\">Tout comme la premi\u00e8re lumi\u00e8re de l&rsquo;aube r\u00e9v\u00e8le progressivement la beaut\u00e9 du monde, Yoake Gallery vise \u00e0 r\u00e9v\u00e8ler la beaut\u00e9 de la calligraphie japonaise et de l&rsquo;art \u00e0 l&rsquo;encre \u00e0 un public attentif partout dans le monde.<\/p>\n\t\t\t\t\t\t\t\t<\/div>\n\t\t\t\t<\/div>\n\t\t\t\t<\/div>\n\t\t\t\t\t<\/div>\n\t\t\t\t<\/div>\n\t\t\t\t<\/div>\n\t\t","protected":false},"excerpt":{"rendered":"<p>D\u00e9couvrez pourquoi la Yoake Gallery se distingue dans les expositions sur le shodo et l&rsquo;art d&rsquo;inspiration japonaise.<\/p>\n","protected":false},"author":1,"featured_media":991834,"parent":0,"menu_order":5,"comment_status":"closed","ping_status":"closed","template":"","meta":{"footnotes":""},"class_list":["post-991880","page","type-page","status-publish","has-post-thumbnail","hentry"],"_links":{"self":[{"href":"https:\/\/yoakegallery.com\/fr\/wp-json\/wp\/v2\/pages\/991880","targetHints":{"allow":["GET"]}}],"collection":[{"href":"https:\/\/yoakegallery.com\/fr\/wp-json\/wp\/v2\/pages"}],"about":[{"href":"https:\/\/yoakegallery.com\/fr\/wp-json\/wp\/v2\/types\/page"}],"author":[{"embeddable":true,"href":"https:\/\/yoakegallery.com\/fr\/wp-json\/wp\/v2\/users\/1"}],"replies":[{"embeddable":true,"href":"https:\/\/yoakegallery.com\/fr\/wp-json\/wp\/v2\/comments?post=991880"}],"version-history":[{"count":1,"href":"https:\/\/yoakegallery.com\/fr\/wp-json\/wp\/v2\/pages\/991880\/revisions"}],"predecessor-version":[{"id":991881,"href":"https:\/\/yoakegallery.com\/fr\/wp-json\/wp\/v2\/pages\/991880\/revisions\/991881"}],"wp:featuredmedia":[{"embeddable":true,"href":"https:\/\/yoakegallery.com\/fr\/wp-json\/wp\/v2\/media\/991834"}],"wp:attachment":[{"href":"https:\/\/yoakegallery.com\/fr\/wp-json\/wp\/v2\/media?parent=991880"}],"curies":[{"name":"wp","href":"https:\/\/api.w.org\/{rel}","templated":true}]}}